{"id":24803,"date":"2020-07-29T17:12:58","date_gmt":"2020-07-29T15:12:58","guid":{"rendered":"https:\/\/www.hasparren-rugby.eus\/la-boutique-2023-2024"},"modified":"2025-09-22T17:40:01","modified_gmt":"2025-09-22T15:40:01","slug":"boutique","status":"publish","type":"page","link":"https:\/\/www.hasparren-rugby.eus\/eu\/boutique","title":{"rendered":"La Boutique 2025"},"content":{"rendered":"\n<p>Bonne nouvelle pour toute la famille du HAC !&nbsp;<\/p>\n\n\n\n<p>La boutique 2025\/2026 est d\u00e9sormais ouverte !<\/p>\n\n\n\n<p>Retrouvez tous les articles aux couleurs du club : sweat, surv\u00eatements, sacs, goodies et plein de nouveaut\u00e9s pour afficher fi\u00e8rement notre esprit d\u2019\u00e9quipe sur et en dehors du terrain.<\/p>\n\n\n\n<p>&nbsp;Chaque achat contribue directement \u00e0 soutenir le club et nos projets pour les joueurs, petits et grands.<\/p>\n\n\n\n<p>D\u00e9couvrez la boutique ici :&nbsp;<a href=\"https:\/\/www.helloasso.com\/associations\/hasparren-athletic-club\/boutiques\/boutique-hac\" target=\"_blank\" rel=\"noreferrer noopener\">https:\/\/www.helloasso.com\/associations\/hasparren-athletic-club\/boutiques\/boutique-hac<\/a><\/p>\n\n\n\n<p>Milesker deneri, merci \u00e0 tous pour votre soutien et \u00e0 tr\u00e8s vite en tribune ou sur le terrain, habill\u00e9s aux couleurs du HAC&nbsp;<\/p>\n\n\n\n<p>La boutique est en ligne jusqu&#8217;au 24\/10 pour pouvoir assurer la distribution pour mi-d\u00e9cembre au plus tard..<\/p>\n\n\n\n<figure class=\"wp-block-image size-large\"><img loading=\"lazy\" decoding=\"async\" width=\"459\" height=\"1024\" src=\"https:\/\/www.hasparren-rugby.eus\/wp-content\/uploads\/2025\/09\/1000025124-459x1024.jpg\" alt=\"\" class=\"wp-image-33298\" srcset=\"https:\/\/www.hasparren-rugby.eus\/wp-content\/uploads\/2025\/09\/1000025124-459x1024.jpg 459w, https:\/\/www.hasparren-rugby.eus\/wp-content\/uploads\/2025\/09\/1000025124-135x300.jpg 135w, https:\/\/www.hasparren-rugby.eus\/wp-content\/uploads\/2025\/09\/1000025124-768x1712.jpg 768w, https:\/\/www.hasparren-rugby.eus\/wp-content\/uploads\/2025\/09\/1000025124-689x1536.jpg 689w, https:\/\/www.hasparren-rugby.eus\/wp-content\/uploads\/2025\/09\/1000025124-919x2048.jpg 919w, https:\/\/www.hasparren-rugby.eus\/wp-content\/uploads\/2025\/09\/1000025124-45x100.jpg 45w, https:\/\/www.hasparren-rugby.eus\/wp-content\/uploads\/2025\/09\/1000025124-90x200.jpg 90w, https:\/\/www.hasparren-rugby.eus\/wp-content\/uploads\/2025\/09\/1000025124.jpg 1080w\" sizes=\"auto, (max-width: 459px) 100vw, 459px\" \/><\/figure>\n","protected":false},"excerpt":{"rendered":"<p>Bonne nouvelle pour toute la famille du HAC !&nbsp; La boutique 2025\/2026 est d\u00e9sormais ouverte ! Retrouvez tous les articles aux couleurs du club : sweat, surv\u00eatements, sacs, goodies et plein de nouveaut\u00e9s pour afficher fi\u00e8rement notre esprit d\u2019\u00e9quipe sur et en dehors du terrain. &nbsp;Chaque achat contribue directement \u00e0 soutenir le club et nos [&hellip;]<\/p>\n","protected":false},"author":4,"featured_media":33296,"parent":0,"menu_order":0,"comment_status":"closed","ping_status":"closed","template":"","meta":{"_acf_changed":false,"footnotes":""},"tags":[],"saison":[],"class_list":["post-24803","page","type-page","status-publish","has-post-thumbnail","hentry"],"acf":[],"yoast_head":"<!-- This site is optimized with the Yoast SEO plugin v27.4 - https:\/\/yoast.com\/product\/yoast-seo-wordpress\/ -->\n<title>La Boutique 2025 - Hasparren Athl\u00e9tic Club<\/title>\n<meta name=\"robots\" content=\"index, follow, max-snippet:-1, max-image-preview:large, max-video-preview:-1\" \/>\n<link rel=\"canonical\" href=\"https:\/\/www.hasparren-rugby.eus\/eu\/boutique\" \/>\n<meta property=\"og:locale\" content=\"eu_ES\" \/>\n<meta property=\"og:type\" content=\"article\" \/>\n<meta property=\"og:title\" content=\"La Boutique 2025 - Hasparren Athl\u00e9tic Club\" \/>\n<meta property=\"og:description\" content=\"Bonne nouvelle pour toute la famille du HAC !&nbsp; La boutique 2025\/2026 est d\u00e9sormais ouverte ! Retrouvez tous les articles aux couleurs du club : sweat, surv\u00eatements, sacs, goodies et plein de nouveaut\u00e9s pour afficher fi\u00e8rement notre esprit d\u2019\u00e9quipe sur et en dehors du terrain. &nbsp;Chaque achat contribue directement \u00e0 soutenir le club et nos [&hellip;]\" \/>\n<meta property=\"og:url\" content=\"https:\/\/www.hasparren-rugby.eus\/eu\/boutique\" \/>\n<meta property=\"og:site_name\" content=\"Hasparren Athl\u00e9tic Club\" \/>\n<meta property=\"article:modified_time\" content=\"2025-09-22T15:40:01+00:00\" \/>\n<meta property=\"og:image\" content=\"https:\/\/www.hasparren-rugby.eus\/wp-content\/uploads\/2025\/09\/Screenshot_20250922_173620_WhatsApp.jpg\" \/>\n\t<meta property=\"og:image:width\" content=\"1080\" \/>\n\t<meta property=\"og:image:height\" content=\"2408\" \/>\n\t<meta property=\"og:image:type\" content=\"image\/jpeg\" \/>\n<meta name=\"twitter:card\" content=\"summary_large_image\" \/>\n<meta name=\"twitter:label1\" content=\"Est. reading time\" \/>\n\t<meta name=\"twitter:data1\" content=\"1 minute\" \/>\n<script type=\"application\/ld+json\" class=\"yoast-schema-graph\">{\"@context\":\"https:\\\/\\\/schema.org\",\"@graph\":[{\"@type\":\"WebPage\",\"@id\":\"https:\\\/\\\/www.hasparren-rugby.eus\\\/eu\\\/boutique\",\"url\":\"https:\\\/\\\/www.hasparren-rugby.eus\\\/eu\\\/boutique\",\"name\":\"La Boutique 2025 - Hasparren Athl\u00e9tic Club\",\"isPartOf\":{\"@id\":\"https:\\\/\\\/www.hasparren-rugby.eus\\\/eu#website\"},\"primaryImageOfPage\":{\"@id\":\"https:\\\/\\\/www.hasparren-rugby.eus\\\/eu\\\/boutique#primaryimage\"},\"image\":{\"@id\":\"https:\\\/\\\/www.hasparren-rugby.eus\\\/eu\\\/boutique#primaryimage\"},\"thumbnailUrl\":\"https:\\\/\\\/www.hasparren-rugby.eus\\\/wp-content\\\/uploads\\\/2025\\\/09\\\/Screenshot_20250922_173620_WhatsApp.jpg\",\"datePublished\":\"2020-07-29T15:12:58+00:00\",\"dateModified\":\"2025-09-22T15:40:01+00:00\",\"breadcrumb\":{\"@id\":\"https:\\\/\\\/www.hasparren-rugby.eus\\\/eu\\\/boutique#breadcrumb\"},\"inLanguage\":\"eu-ES\",\"potentialAction\":[{\"@type\":\"ReadAction\",\"target\":[\"https:\\\/\\\/www.hasparren-rugby.eus\\\/eu\\\/boutique\"]}]},{\"@type\":\"ImageObject\",\"inLanguage\":\"eu-ES\",\"@id\":\"https:\\\/\\\/www.hasparren-rugby.eus\\\/eu\\\/boutique#primaryimage\",\"url\":\"https:\\\/\\\/www.hasparren-rugby.eus\\\/wp-content\\\/uploads\\\/2025\\\/09\\\/Screenshot_20250922_173620_WhatsApp.jpg\",\"contentUrl\":\"https:\\\/\\\/www.hasparren-rugby.eus\\\/wp-content\\\/uploads\\\/2025\\\/09\\\/Screenshot_20250922_173620_WhatsApp.jpg\",\"width\":1080,\"height\":2408},{\"@type\":\"BreadcrumbList\",\"@id\":\"https:\\\/\\\/www.hasparren-rugby.eus\\\/eu\\\/boutique#breadcrumb\",\"itemListElement\":[{\"@type\":\"ListItem\",\"position\":1,\"name\":\"Accueil\",\"item\":\"https:\\\/\\\/www.hasparren-rugby.eus\\\/eu\"},{\"@type\":\"ListItem\",\"position\":2,\"name\":\"La Boutique 2025\"}]},{\"@type\":\"WebSite\",\"@id\":\"https:\\\/\\\/www.hasparren-rugby.eus\\\/eu#website\",\"url\":\"https:\\\/\\\/www.hasparren-rugby.eus\\\/eu\",\"name\":\"Hasparren Athl\u00e9tic Club\",\"description\":\"\",\"publisher\":{\"@id\":\"https:\\\/\\\/www.hasparren-rugby.eus\\\/eu#organization\"},\"potentialAction\":[{\"@type\":\"SearchAction\",\"target\":{\"@type\":\"EntryPoint\",\"urlTemplate\":\"https:\\\/\\\/www.hasparren-rugby.eus\\\/eu?s={search_term_string}\"},\"query-input\":{\"@type\":\"PropertyValueSpecification\",\"valueRequired\":true,\"valueName\":\"search_term_string\"}}],\"inLanguage\":\"eu-ES\"},{\"@type\":\"Organization\",\"@id\":\"https:\\\/\\\/www.hasparren-rugby.eus\\\/eu#organization\",\"name\":\"Hasparren Athl\u00e9tic Club\",\"url\":\"https:\\\/\\\/www.hasparren-rugby.eus\\\/eu\",\"logo\":{\"@type\":\"ImageObject\",\"inLanguage\":\"eu-ES\",\"@id\":\"https:\\\/\\\/www.hasparren-rugby.eus\\\/eu#\\\/schema\\\/logo\\\/image\\\/\",\"url\":\"https:\\\/\\\/www.hasparren-rugby.eus\\\/wp-content\\\/uploads\\\/2024\\\/03\\\/cropped-HAC-PNG.png\",\"contentUrl\":\"https:\\\/\\\/www.hasparren-rugby.eus\\\/wp-content\\\/uploads\\\/2024\\\/03\\\/cropped-HAC-PNG.png\",\"width\":759,\"height\":897,\"caption\":\"Hasparren Athl\u00e9tic Club\"},\"image\":{\"@id\":\"https:\\\/\\\/www.hasparren-rugby.eus\\\/eu#\\\/schema\\\/logo\\\/image\\\/\"}}]}<\/script>\n<!-- \/ Yoast SEO plugin. -->","yoast_head_json":{"title":"La Boutique 2025 - Hasparren Athl\u00e9tic Club","robots":{"index":"index","follow":"follow","max-snippet":"max-snippet:-1","max-image-preview":"max-image-preview:large","max-video-preview":"max-video-preview:-1"},"canonical":"https:\/\/www.hasparren-rugby.eus\/eu\/boutique","og_locale":"eu_ES","og_type":"article","og_title":"La Boutique 2025 - Hasparren Athl\u00e9tic Club","og_description":"Bonne nouvelle pour toute la famille du HAC !&nbsp; La boutique 2025\/2026 est d\u00e9sormais ouverte ! Retrouvez tous les articles aux couleurs du club : sweat, surv\u00eatements, sacs, goodies et plein de nouveaut\u00e9s pour afficher fi\u00e8rement notre esprit d\u2019\u00e9quipe sur et en dehors du terrain. &nbsp;Chaque achat contribue directement \u00e0 soutenir le club et nos [&hellip;]","og_url":"https:\/\/www.hasparren-rugby.eus\/eu\/boutique","og_site_name":"Hasparren Athl\u00e9tic Club","article_modified_time":"2025-09-22T15:40:01+00:00","og_image":[{"width":1080,"height":2408,"url":"https:\/\/www.hasparren-rugby.eus\/wp-content\/uploads\/2025\/09\/Screenshot_20250922_173620_WhatsApp.jpg","type":"image\/jpeg"}],"twitter_card":"summary_large_image","twitter_misc":{"Est. reading time":"1 minute"},"schema":{"@context":"https:\/\/schema.org","@graph":[{"@type":"WebPage","@id":"https:\/\/www.hasparren-rugby.eus\/eu\/boutique","url":"https:\/\/www.hasparren-rugby.eus\/eu\/boutique","name":"La Boutique 2025 - Hasparren Athl\u00e9tic Club","isPartOf":{"@id":"https:\/\/www.hasparren-rugby.eus\/eu#website"},"primaryImageOfPage":{"@id":"https:\/\/www.hasparren-rugby.eus\/eu\/boutique#primaryimage"},"image":{"@id":"https:\/\/www.hasparren-rugby.eus\/eu\/boutique#primaryimage"},"thumbnailUrl":"https:\/\/www.hasparren-rugby.eus\/wp-content\/uploads\/2025\/09\/Screenshot_20250922_173620_WhatsApp.jpg","datePublished":"2020-07-29T15:12:58+00:00","dateModified":"2025-09-22T15:40:01+00:00","breadcrumb":{"@id":"https:\/\/www.hasparren-rugby.eus\/eu\/boutique#breadcrumb"},"inLanguage":"eu-ES","potentialAction":[{"@type":"ReadAction","target":["https:\/\/www.hasparren-rugby.eus\/eu\/boutique"]}]},{"@type":"ImageObject","inLanguage":"eu-ES","@id":"https:\/\/www.hasparren-rugby.eus\/eu\/boutique#primaryimage","url":"https:\/\/www.hasparren-rugby.eus\/wp-content\/uploads\/2025\/09\/Screenshot_20250922_173620_WhatsApp.jpg","contentUrl":"https:\/\/www.hasparren-rugby.eus\/wp-content\/uploads\/2025\/09\/Screenshot_20250922_173620_WhatsApp.jpg","width":1080,"height":2408},{"@type":"BreadcrumbList","@id":"https:\/\/www.hasparren-rugby.eus\/eu\/boutique#breadcrumb","itemListElement":[{"@type":"ListItem","position":1,"name":"Accueil","item":"https:\/\/www.hasparren-rugby.eus\/eu"},{"@type":"ListItem","position":2,"name":"La Boutique 2025"}]},{"@type":"WebSite","@id":"https:\/\/www.hasparren-rugby.eus\/eu#website","url":"https:\/\/www.hasparren-rugby.eus\/eu","name":"Hasparren Athl\u00e9tic Club","description":"","publisher":{"@id":"https:\/\/www.hasparren-rugby.eus\/eu#organization"},"potentialAction":[{"@type":"SearchAction","target":{"@type":"EntryPoint","urlTemplate":"https:\/\/www.hasparren-rugby.eus\/eu?s={search_term_string}"},"query-input":{"@type":"PropertyValueSpecification","valueRequired":true,"valueName":"search_term_string"}}],"inLanguage":"eu-ES"},{"@type":"Organization","@id":"https:\/\/www.hasparren-rugby.eus\/eu#organization","name":"Hasparren Athl\u00e9tic Club","url":"https:\/\/www.hasparren-rugby.eus\/eu","logo":{"@type":"ImageObject","inLanguage":"eu-ES","@id":"https:\/\/www.hasparren-rugby.eus\/eu#\/schema\/logo\/image\/","url":"https:\/\/www.hasparren-rugby.eus\/wp-content\/uploads\/2024\/03\/cropped-HAC-PNG.png","contentUrl":"https:\/\/www.hasparren-rugby.eus\/wp-content\/uploads\/2024\/03\/cropped-HAC-PNG.png","width":759,"height":897,"caption":"Hasparren Athl\u00e9tic Club"},"image":{"@id":"https:\/\/www.hasparren-rugby.eus\/eu#\/schema\/logo\/image\/"}}]}},"_links":{"self":[{"href":"https:\/\/www.hasparren-rugby.eus\/eu\/wp-json\/wp\/v2\/pages\/24803","targetHints":{"allow":["GET"]}}],"collection":[{"href":"https:\/\/www.hasparren-rugby.eus\/eu\/wp-json\/wp\/v2\/pages"}],"about":[{"href":"https:\/\/www.hasparren-rugby.eus\/eu\/wp-json\/wp\/v2\/types\/page"}],"author":[{"embeddable":true,"href":"https:\/\/www.hasparren-rugby.eus\/eu\/wp-json\/wp\/v2\/users\/4"}],"replies":[{"embeddable":true,"href":"https:\/\/www.hasparren-rugby.eus\/eu\/wp-json\/wp\/v2\/comments?post=24803"}],"version-history":[{"count":12,"href":"https:\/\/www.hasparren-rugby.eus\/eu\/wp-json\/wp\/v2\/pages\/24803\/revisions"}],"predecessor-version":[{"id":33301,"href":"https:\/\/www.hasparren-rugby.eus\/eu\/wp-json\/wp\/v2\/pages\/24803\/revisions\/33301"}],"wp:featuredmedia":[{"embeddable":true,"href":"https:\/\/www.hasparren-rugby.eus\/eu\/wp-json\/wp\/v2\/media\/33296"}],"wp:attachment":[{"href":"https:\/\/www.hasparren-rugby.eus\/eu\/wp-json\/wp\/v2\/media?parent=24803"}],"wp:term":[{"taxonomy":"post_tag","embeddable":true,"href":"https:\/\/www.hasparren-rugby.eus\/eu\/wp-json\/wp\/v2\/tags?post=24803"},{"taxonomy":"saison","embeddable":true,"href":"https:\/\/www.hasparren-rugby.eus\/eu\/wp-json\/wp\/v2\/saison?post=24803"}],"curies":[{"name":"wp","href":"https:\/\/api.w.org\/{rel}","templated":true}]}}